{"id":2322,"date":"2024-09-30T02:55:27","date_gmt":"2024-09-30T02:55:27","guid":{"rendered":"https:\/\/heleyadhesive.com\/?page_id=2322"},"modified":"2024-09-30T03:17:02","modified_gmt":"2024-09-30T03:17:02","slug":"terms-conditions","status":"publish","type":"page","link":"https:\/\/heleyadhesive.com\/es\/terms-conditions\/","title":{"rendered":"T\u00e9rminos y Condiciones"},"content":{"rendered":"<div data-elementor-type=\"wp-page\" data-elementor-id=\"2322\" class=\"elementor elementor-2322\" data-elementor-post-type=\"page\">\n\t\t\t\t<div class=\"elementor-element elementor-element-d43ec33 e-flex e-con-boxed e-con e-parent\" data-id=\"d43ec33\" data-element_type=\"container\" data-e-type=\"container\">\n\t\t\t\t\t<div class=\"e-con-inner\">\n\t\t\t\t<div class=\"elementor-element elementor-element-0cc5e6d elementor-widget elementor-widget-html\" data-id=\"0cc5e6d\" data-element_type=\"widget\" data-e-type=\"widget\" data-widget_type=\"html.default\">\n\t\t\t\t<div class=\"elementor-widget-container\">\n\t\t\t\t\t<h1>T\u00e9rminos y Condiciones<\/h1>\r\n<p>\u00daltima actualizaci\u00f3n: 30 de septiembre de 2024<\/p>\r\n<p>Por favor, lea detenidamente estos T\u00e9rminos y Condiciones antes de utilizar Nuestro Servicio.<\/p>\r\n<h2>Interpretaci\u00f3n y Definiciones<\/h2>\r\n<h3>Interpretaci\u00f3n<\/h3>\r\n<p>Las palabras cuya letra inicial est\u00e1 en may\u00fascula tienen significados definidos bajo las siguientes condiciones. Las siguientes definiciones tendr\u00e1n el mismo significado independientemente de si aparecen en singular o en plural.<\/p>\r\n<h3>Definiciones<\/h3>\r\n<p>Para los prop\u00f3sitos de estos T\u00e9rminos y Condiciones:<\/p>\r\n<ul>\r\n<li>\r\n<p class=\"translation-block\"><strong>Afiliado<\/strong> se refiere a una entidad que controla, es controlada por o est\u00e1 bajo control com\u00fan con una parte, donde \"control\" significa la propiedad del 50% o m\u00e1s de las acciones, participaciones u otros valores con derecho a voto para la elecci\u00f3n de directores u otra autoridad gestora.<\/p>\r\n<\/li>\r\n<li>\r\n<p class=\"translation-block\"><strong>Pa\u00eds<\/strong> se refiere a: China.<\/p>\r\n<\/li>\r\n<li>\r\n<p class=\"translation-block\"><strong>Empresa<\/strong> (denominada como \"la Empresa\", \"Nosotros\", \"Nuestro\" o \"Nos\" en este Acuerdo) se refiere a \u200bGuangdong Heley Chemical Technology Co., Ltd., Yunan Transfer Industrial Park, Yunan Yunfu, Guangdong, China 527100.<\/p>\r\n<\/li>\r\n<li>\r\n<p class=\"translation-block\"><strong>Dispositivo<\/strong> significa cualquier dispositivo capaz de acceder al Servicio, como una computadora, tel\u00e9fono m\u00f3vil o tableta digital.<\/p>\r\n<\/li>\r\n<li>\r\n<p class=\"translation-block\"><strong>Servicio<\/strong> se refiere al Sitio Web.<\/p>\r\n<\/li>\r\n<li>\r\n<p class=\"translation-block\"><strong>T\u00e9rminos y Condiciones<\/strong> (tambi\u00e9n denominados \"T\u00e9rminos\") significan estos T\u00e9rminos y Condiciones que constituyen el acuerdo completo entre Usted y la Empresa respecto al uso del Servicio. Este acuerdo se ha creado con la ayuda del <a href=\"https:\/\/www.termsfeed.com\/terms-conditions-generator\/\" target=\"_blank\" rel=\"noopener\">Generador de T\u00e9rminos y Condiciones<\/a>.<\/p>\r\n<\/li>\r\n<li>\r\n<p class=\"translation-block\"><strong>Servicio de Redes Sociales de Terceros<\/strong> significa cualquier servicio o contenido (incluidos datos, informaci\u00f3n, productos o servicios) proporcionado por un tercero que puede ser mostrado, incluido o puesto a disposici\u00f3n por el Servicio.<\/p>\r\n<\/li>\r\n<li>\r\n<p class=\"translation-block\"><strong>Sitio Web<\/strong> se refiere a \u200bHeley Adhesive, accesible desde <a href=\"https:\/\/heleyadhesive.com\/es\/\" rel=\"external nofollow noopener\" target=\"_blank\">https:\/\/heleyadhesive.com\/<\/a><\/p>\r\n<\/li>\r\n<li>\r\n<p class=\"translation-block\"><strong>Usted<\/strong> significa la persona f\u00edsica que accede o utiliza el Servicio, o la empresa u otra entidad legal en nombre de la cual dicha persona accede o utiliza el Servicio, seg\u00fan corresponda.<\/p>\r\n<\/li>\r\n<\/ul>\r\n<h2>Reconocimiento<\/h2>\r\n<p>Estos son los T\u00e9rminos y Condiciones que rigen el uso de este Servicio y el acuerdo que opera entre Usted y la Empresa. Estos T\u00e9rminos y Condiciones establecen los derechos y obligaciones de todos los usuarios respecto al uso del Servicio.<\/p>\r\n<p>Su acceso y uso del Servicio est\u00e1n condicionados a la \u200baceptaci\u00f3n y cumplimiento** de estos \u200bT\u00e9rminos y Condiciones. Estos \u200bT\u00e9rminos y Condiciones se aplican a todos los \u200bvisitantes, usuarios y dem\u00e1s personas** que accedan o utilicen el Servicio.<\/p>\r\n<p>Su acceso y uso del Servicio est\u00e1 condicionado a la aceptaci\u00f3n y cumplimiento de estos T\u00e9rminos y Condiciones. Estos se aplican a todos los visitantes, usuarios y dem\u00e1s personas que accedan o utilicen el Servicio.<\/p>\r\n<p>Usted declara que es mayor de 18 a\u00f1os. La Empresa no permite el uso del Servicio a menores de 18 a\u00f1os.<\/p>\r\n<p>Su acceso y uso del Servicio tambi\u00e9n est\u00e1 condicionado a la aceptaci\u00f3n y cumplimiento de la \u200bPol\u00edtica de Privacidad de la Empresa. Nuestra Pol\u00edtica de Privacidad describe Nuestras pol\u00edticas y procedimientos sobre la recopilaci\u00f3n, uso y divulgaci\u00f3n de Su informaci\u00f3n personal cuando utiliza la Aplicaci\u00f3n o el Sitio Web, y le informa sobre Sus derechos de privacidad y c\u00f3mo la ley le protege. Lea atentamente Nuestra Pol\u00edtica de Privacidad antes de utilizar Nuestro Servicio.<\/p>\r\n<h2>Enlaces a Otros Sitios Web<\/h2>\r\n<p>Nuestro Servicio puede contener enlaces a sitios web o servicios de terceros que no son propiedad ni est\u00e1n controlados por la Empresa.<\/p>\r\n<p>La Empresa no tiene control ni asume responsabilidad alguna por el contenido, pol\u00edticas de privacidad o pr\u00e1cticas de sitios web o servicios de terceros. Usted reconoce y acepta adem\u00e1s que la Empresa no ser\u00e1 responsable, directa o indirectamente, de ning\u00fan da\u00f1o o p\u00e9rdida causados o presuntamente causados por o en conexi\u00f3n con el uso o la dependencia de dicho contenido, bienes o servicios disponibles en o a trav\u00e9s de dichos sitios web o servicios.<\/p>\r\n<p>Le recomendamos encarecidamente que lea los t\u00e9rminos y condiciones y las pol\u00edticas de privacidad de cualquier sitio web o servicio de terceros que visite.<\/p>\r\n<h2>Terminaci\u00f3n<\/h2>\r\n<p>Podemos terminar o suspender Su acceso de inmediato, sin previo aviso ni responsabilidad, por cualquier motivo, incluido, entre otros, el incumplimiento de estos T\u00e9rminos y Condiciones.<\/p>\r\n<p>Tras la terminaci\u00f3n, Su derecho a utilizar el Servicio cesar\u00e1 inmediatamente.<\/p>\r\n<h2>Limitaci\u00f3n de Responsabilidad<\/h2>\r\n<p>No obstante cualquier da\u00f1o que pueda incurrir, la responsabilidad total de la Empresa y cualquiera de sus proveedores bajo cualquier disposici\u00f3n de estos T\u00e9rminos, y Su \u00fanico recurso por todo lo anterior, se limitar\u00e1 al monto realmente pagado por Usted a trav\u00e9s del Servicio o 100 USD si no ha realizado ninguna compra a trav\u00e9s del Servicio.<\/p>\r\n<p>En la m\u00e1xima medida permitida por la ley aplicable, en ning\u00fan caso la Empresa o sus proveedores ser\u00e1n responsables de da\u00f1os especiales, incidentales, indirectos o consecuentes (incluidos, entre otros, da\u00f1os por p\u00e9rdida de beneficios, p\u00e9rdida de datos u otra informaci\u00f3n, interrupci\u00f3n del negocio, lesiones personales, p\u00e9rdida de privacidad relacionados con el uso o la incapacidad de utilizar el Servicio, software de terceros y\/o hardware de terceros utilizado con el Servicio, o de cualquier otra manera relacionada con cualquier disposici\u00f3n de estos T\u00e9rminos), incluso si la Empresa o cualquier proveedor ha sido advertido de la posibilidad de dichos da\u00f1os y aunque el recurso no cumpla su prop\u00f3sito esencial.<\/p>\r\n<p>Algunos estados no permiten la exclusi\u00f3n de garant\u00edas impl\u00edcitas o la limitaci\u00f3n de responsabilidad por da\u00f1os incidentales o consecuentes, lo que significa que algunas de las limitaciones anteriores pueden no aplicarse. En dichos estados, la responsabilidad de cada parte se limitar\u00e1 al m\u00e1ximo permitido por la ley.<\/p>\r\n<h2>Renuncia \"TAL CUAL\" y \"SEG\u00daN DISPONIBILIDAD\"<\/h2>\r\n<p>El Servicio se le proporciona \u200b**\"TAL CUAL\"** y \u200b**\"SEG\u00daN DISPONIBILIDAD\"**, con todas las fallas y defectos, sin garant\u00eda de ning\u00fan tipo. En la m\u00e1xima medida permitida por la ley aplicable, la Empresa, en su propio nombre y en nombre de sus Afiliados y sus respectivos licenciantes y proveedores de servicios, renuncia expresamente a todas las garant\u00edas, ya sean expresas, impl\u00edcitas, legales o de otro tipo, con respecto al Servicio, incluidas todas las garant\u00edas impl\u00edcitas de comerciabilidad, idoneidad para un prop\u00f3sito particular, titularidad y no infracci\u00f3n, y garant\u00edas que puedan surgir del curso de negociaci\u00f3n, desempe\u00f1o, uso o pr\u00e1ctica comercial. Sin limitar lo anterior, la Empresa no ofrece ninguna garant\u00eda ni compromiso, y no hace ninguna declaraci\u00f3n de que el Servicio cumplir\u00e1 con Sus requisitos, lograr\u00e1 los resultados previstos, ser\u00e1 compatible o funcionar\u00e1 con cualquier otro software, aplicaciones, sistemas o servicios, operar\u00e1 sin interrupci\u00f3n, cumplir\u00e1 con est\u00e1ndares de rendimiento o confiabilidad, o estar\u00e1 libre de errores, o que cualquier error o defecto podr\u00e1 o ser\u00e1 corregido.<\/p>\r\n<p>Sin limitar lo anterior, ni la Empresa ni ninguno de sus proveedores hacen ninguna declaraci\u00f3n o garant\u00eda de ning\u00fan tipo, expresa o impl\u00edcita:\n(i) sobre la operaci\u00f3n o disponibilidad del Servicio, o la informaci\u00f3n, contenido, materiales o productos incluidos en \u00e9l;\n(ii) de que el Servicio ser\u00e1 ininterrumpido o libre de errores;\n(iii) sobre la exactitud, fiabilidad o actualidad de cualquier informaci\u00f3n o contenido proporcionado a trav\u00e9s del Servicio; o\n(iv) de que el Servicio, sus servidores, el contenido o los correos electr\u00f3nicos enviados desde o en nombre de la Empresa est\u00e9n libres de virus, scripts, troyanos, gusanos, malware, bombas de tiempo u otros componentes da\u00f1inos.<\/p>\r\n<p>Algunas jurisdicciones no permiten la exclusi\u00f3n de ciertos tipos de garant\u00edas o limitaciones de los derechos legales aplicables a los consumidores, por lo que algunas o todas las exclusiones y limitaciones anteriores pueden no aplicarse a Usted. En tal caso, las exclusiones y limitaciones establecidas en esta secci\u00f3n se aplicar\u00e1n en la mayor medida permitida por la ley aplicable.<\/p>\r\n<h2>Ley Aplicable<\/h2>\r\n<p>Las leyes del Pa\u00eds, excluyendo sus normas sobre conflictos de leyes, regir\u00e1n estos T\u00e9rminos y Su uso del Servicio. Su uso de la Aplicaci\u00f3n tambi\u00e9n puede estar sujeto a otras leyes locales, estatales, nacionales o internacionales.<\/p>\r\n<h2>Resoluci\u00f3n de Disputas<\/h2>\r\n<p>Si tiene alguna inquietud o disputa sobre el Servicio, acepta intentar resolverla primero de manera informal contactando a la Empresa.<\/p>\r\n<h2>Para Usuarios de la Uni\u00f3n Europea (UE)<\/h2>\r\n<p>Si es un consumidor de la Uni\u00f3n Europea, se beneficiar\u00e1 de las disposiciones imperativas de la ley del pa\u00eds en el que resida.<\/p>\r\n<h2>Cumplimiento Legal con Estados Unidos<\/h2>\r\n<p>Usted declara y garantiza que (i) no se encuentra en un pa\u00eds sujeto a un embargo del gobierno de Estados Unidos o designado por este como un pa\u00eds \"que apoya el terrorismo\", y (ii) no est\u00e1 incluido en ninguna lista gubernamental de Estados Unidos de partes prohibidas o restringidas.<\/p>\r\n<h2>Divisibilidad y Renuncia<\/h2>\r\n<h3>Divisibilidad<\/h3>\r\n<p>Si alguna disposici\u00f3n de estos T\u00e9rminos se considera inaplicable o inv\u00e1lida, dicha disposici\u00f3n se modificar\u00e1 o interpretar\u00e1 para cumplir sus objetivos en la m\u00e1xima medida posible bajo la ley aplicable, y las disposiciones restantes mantendr\u00e1n su vigencia.<\/p>\r\n<h3>Renuncia<\/h3>\r\n<p>Salvo lo dispuesto en estos T\u00e9rminos, la falta de ejercicio de un derecho o de exigencia del cumplimiento de una obligaci\u00f3n no afectar\u00e1 la capacidad de una parte para ejercer dicho derecho o exigir dicho cumplimiento posteriormente, ni la renuncia a una infracci\u00f3n constituir\u00e1 una renuncia a infracciones posteriores.<\/p>\r\n<h2>Interpretaci\u00f3n de la Traducci\u00f3n<\/h2>\r\n<p>Estos T\u00e9rminos y Condiciones pueden haber sido traducidos si los hemos puesto a su disposici\u00f3n en Nuestro Servicio. <br>\nUsted acepta que, en caso de disputa, prevalecer\u00e1 el texto original en ingl\u00e9s.<\/p>\r\n<h2>Cambios en Estos T\u00e9rminos y Condiciones<\/h2>\r\n<p>Nos reservamos el derecho, a Nuestra exclusiva discreci\u00f3n, de modificar o reemplazar estos T\u00e9rminos en cualquier momento. Si una revisi\u00f3n es material, haremos esfuerzos razonables para notificarle con al menos \u200b30 d\u00edas de antelaci\u00f3n antes de que los nuevos t\u00e9rminos entren en vigor. Lo que constituye un cambio material se determinar\u00e1 a Nuestra exclusiva discreci\u00f3n.<\/p>\r\n<p>Al continuar accediendo o utilizando Nuestro Servicio despu\u00e9s de que las revisiones entren en vigor, Usted acepta estar sujeto a los t\u00e9rminos actualizados. Si no est\u00e1 de acuerdo con los nuevos t\u00e9rminos, total o parcialmente, deje de usar el Sitio Web y el Servicio.<\/p>\r\n<h2>\u00a1Cont\u00e1ctanos!<\/h2>\r\n<p>Si tiene preguntas sobre estos T\u00e9rminos y Condiciones, puede contactarnos:<\/p>\r\n<ul>\r\n<li>\u200bPor correo electr\u00f3nico: sales@heleyadhesive.com<\/li>\r\n<\/ul>\t\t\t\t<\/div>\n\t\t\t\t<\/div>\n\t\t\t\t\t<\/div>\n\t\t\t\t<\/div>\n\t\t\t\t<\/div>","protected":false},"excerpt":{"rendered":"<p>Terms and Conditions Last updated: September 30, 2024 Please read these terms and conditions carefully before using Our Service. Interpretation and Definitions Interpretation The words of which the initial letter is capitalized have meanings defined under the following conditions. The following definitions shall have the same meaning regardless of whether they appear in singular or [&hellip;]<\/p>\n","protected":false},"author":3,"featured_media":0,"parent":0,"menu_order":0,"comment_status":"closed","ping_status":"closed","template":"","meta":{"_acf_changed":false,"footnotes":""},"class_list":["post-2322","page","type-page","status-publish","hentry"],"acf":[],"_links":{"self":[{"href":"https:\/\/heleyadhesive.com\/es\/wp-json\/wp\/v2\/pages\/2322","targetHints":{"allow":["GET"]}}],"collection":[{"href":"https:\/\/heleyadhesive.com\/es\/wp-json\/wp\/v2\/pages"}],"about":[{"href":"https:\/\/heleyadhesive.com\/es\/wp-json\/wp\/v2\/types\/page"}],"author":[{"embeddable":true,"href":"https:\/\/heleyadhesive.com\/es\/wp-json\/wp\/v2\/users\/3"}],"replies":[{"embeddable":true,"href":"https:\/\/heleyadhesive.com\/es\/wp-json\/wp\/v2\/comments?post=2322"}],"version-history":[{"count":12,"href":"https:\/\/heleyadhesive.com\/es\/wp-json\/wp\/v2\/pages\/2322\/revisions"}],"predecessor-version":[{"id":2337,"href":"https:\/\/heleyadhesive.com\/es\/wp-json\/wp\/v2\/pages\/2322\/revisions\/2337"}],"wp:attachment":[{"href":"https:\/\/heleyadhesive.com\/es\/wp-json\/wp\/v2\/media?parent=2322"}],"curies":[{"name":"wp","href":"https:\/\/api.w.org\/{rel}","templated":true}]}}